{"id":31,"date":"2021-04-13T13:08:06","date_gmt":"2021-04-13T13:08:06","guid":{"rendered":"https:\/\/vepa.timoasch.com\/?page_id=31"},"modified":"2026-01-15T14:41:48","modified_gmt":"2026-01-15T14:41:48","slug":"impressum","status":"publish","type":"page","link":"https:\/\/vepa-gmbh.info\/?page_id=31","title":{"rendered":"Impressum"},"content":{"rendered":"\t\t<div data-elementor-type=\"wp-page\" data-elementor-id=\"31\" class=\"elementor elementor-31\" data-elementor-settings=\"{&quot;ha_cmc_init_switcher&quot;:&quot;no&quot;}\">\n\t\t\t\t\t\t<section class=\"elementor-section elementor-top-section elementor-element elementor-element-fdbdf41 elementor-section-boxed elementor-section-height-default elementor-section-height-default\" data-id=\"fdbdf41\" data-element_type=\"section\" data-e-type=\"section\" data-settings=\"{&quot;_ha_eqh_enable&quot;:false}\">\n\t\t\t\t\t\t<div class=\"elementor-container elementor-column-gap-default\">\n\t\t\t\t\t<div class=\"elementor-column elementor-col-100 elementor-top-column elementor-element elementor-element-475d9d3\" data-id=\"475d9d3\" data-element_type=\"column\" data-e-type=\"column\">\n\t\t\t<div class=\"elementor-widget-wrap elementor-element-populated\">\n\t\t\t\t\t\t<div class=\"elementor-element elementor-element-891537a elementor-widget elementor-widget-text-editor\" data-id=\"891537a\" data-element_type=\"widget\" data-e-type=\"widget\" data-widget_type=\"text-editor.default\">\n\t\t\t\t<div class=\"elementor-widget-container\">\n\t\t\t\t\t\t\t\t\t<p><strong>VEPA GmbH<\/strong><br \/>Herner Stra\u00dfe 186 &#8211; 190<br \/>D &#8211; 45699 Herten<\/p><p>Fon:+49 (0) 2366-1800-0<br \/>E-Mail: <a href=\"mailto:info@vepa-gmbh.info\">info@vepa-gmbh.info<\/a><a href=\"mailto:info@vepa-gmbh.de\">\u00a0<\/a><\/p><p>Sitz der Gesellschaft:Herten HRB 2281, Amtsgericht Recklinghausen<\/p><p>Ust.-ID-Nr:DE 127 124 900<\/p><p>Gesch\u00e4ftsf\u00fchrer:Alexander Schr\u00f6ter<\/p>\t\t\t\t\t\t\t\t<\/div>\n\t\t\t\t<\/div>\n\t\t\t\t\t<\/div>\n\t\t<\/div>\n\t\t\t\t\t<\/div>\n\t\t<\/section>\n\t\t\t\t<\/div>\n\t\t","protected":false},"excerpt":{"rendered":"<p>VEPA GmbHHerner Stra\u00dfe 186 &#8211; 190D &#8211; 45699 Herten Fon:+49 (0) 2366-1800-0E-Mail: info@vepa-gmbh.info\u00a0 Sitz der Gesellschaft:Herten HRB 2281, Amtsgericht Recklinghausen Ust.-ID-Nr:DE 127 124 900 Gesch\u00e4ftsf\u00fchrer:Alexander Schr\u00f6ter<\/p>\n","protected":false},"author":2,"featured_media":0,"parent":0,"menu_order":0,"comment_status":"closed","ping_status":"closed","template":"elementor_header_footer","meta":{"footnotes":""},"class_list":["post-31","page","type-page","status-publish","hentry"],"yoast_head":"<!-- This site is optimized with the Yoast SEO plugin v27.3 - https:\/\/yoast.com\/product\/yoast-seo-wordpress\/ -->\n<title>Impressum -<\/title>\n<meta name=\"robots\" content=\"index, follow, max-snippet:-1, max-image-preview:large, max-video-preview:-1\" \/>\n<link rel=\"canonical\" href=\"https:\/\/vepa-gmbh.info\/?page_id=31\" \/>\n<meta property=\"og:locale\" content=\"de_DE\" \/>\n<meta property=\"og:type\" content=\"article\" \/>\n<meta property=\"og:title\" content=\"Impressum -\" \/>\n<meta property=\"og:description\" content=\"VEPA GmbHHerner Stra\u00dfe 186 &#8211; 190D &#8211; 45699 Herten Fon:+49 (0) 2366-1800-0E-Mail: info@vepa-gmbh.info\u00a0 Sitz der Gesellschaft:Herten HRB 2281, Amtsgericht Recklinghausen Ust.-ID-Nr:DE 127 124 900 Gesch\u00e4ftsf\u00fchrer:Alexander Schr\u00f6ter\" \/>\n<meta property=\"og:url\" content=\"https:\/\/vepa-gmbh.info\/?page_id=31\" \/>\n<meta property=\"article:modified_time\" content=\"2026-01-15T14:41:48+00:00\" \/>\n<meta name=\"twitter:card\" content=\"summary_large_image\" \/>\n<meta name=\"twitter:label1\" content=\"Gesch\u00e4tzte Lesezeit\" \/>\n\t<meta name=\"twitter:data1\" content=\"1\u00a0Minute\" \/>\n<script type=\"application\/ld+json\" class=\"yoast-schema-graph\">{\"@context\":\"https:\\\/\\\/schema.org\",\"@graph\":[{\"@type\":\"WebPage\",\"@id\":\"https:\\\/\\\/vepa-gmbh.info\\\/?page_id=31\",\"url\":\"https:\\\/\\\/vepa-gmbh.info\\\/?page_id=31\",\"name\":\"Impressum -\",\"isPartOf\":{\"@id\":\"https:\\\/\\\/vepa-gmbh.info\\\/#website\"},\"datePublished\":\"2021-04-13T13:08:06+00:00\",\"dateModified\":\"2026-01-15T14:41:48+00:00\",\"breadcrumb\":{\"@id\":\"https:\\\/\\\/vepa-gmbh.info\\\/?page_id=31#breadcrumb\"},\"inLanguage\":\"de\",\"potentialAction\":[{\"@type\":\"ReadAction\",\"target\":[\"https:\\\/\\\/vepa-gmbh.info\\\/?page_id=31\"]}]},{\"@type\":\"BreadcrumbList\",\"@id\":\"https:\\\/\\\/vepa-gmbh.info\\\/?page_id=31#breadcrumb\",\"itemListElement\":[{\"@type\":\"ListItem\",\"position\":1,\"name\":\"Startseite\",\"item\":\"https:\\\/\\\/vepa-gmbh.info\\\/\"},{\"@type\":\"ListItem\",\"position\":2,\"name\":\"Impressum\"}]},{\"@type\":\"WebSite\",\"@id\":\"https:\\\/\\\/vepa-gmbh.info\\\/#website\",\"url\":\"https:\\\/\\\/vepa-gmbh.info\\\/\",\"name\":\"\",\"description\":\"\",\"potentialAction\":[{\"@type\":\"SearchAction\",\"target\":{\"@type\":\"EntryPoint\",\"urlTemplate\":\"https:\\\/\\\/vepa-gmbh.info\\\/?s={search_term_string}\"},\"query-input\":{\"@type\":\"PropertyValueSpecification\",\"valueRequired\":true,\"valueName\":\"search_term_string\"}}],\"inLanguage\":\"de\"}]}<\/script>\n<!-- \/ Yoast SEO plugin. -->","yoast_head_json":{"title":"Impressum -","robots":{"index":"index","follow":"follow","max-snippet":"max-snippet:-1","max-image-preview":"max-image-preview:large","max-video-preview":"max-video-preview:-1"},"canonical":"https:\/\/vepa-gmbh.info\/?page_id=31","og_locale":"de_DE","og_type":"article","og_title":"Impressum -","og_description":"VEPA GmbHHerner Stra\u00dfe 186 &#8211; 190D &#8211; 45699 Herten Fon:+49 (0) 2366-1800-0E-Mail: info@vepa-gmbh.info\u00a0 Sitz der Gesellschaft:Herten HRB 2281, Amtsgericht Recklinghausen Ust.-ID-Nr:DE 127 124 900 Gesch\u00e4ftsf\u00fchrer:Alexander Schr\u00f6ter","og_url":"https:\/\/vepa-gmbh.info\/?page_id=31","article_modified_time":"2026-01-15T14:41:48+00:00","twitter_card":"summary_large_image","twitter_misc":{"Gesch\u00e4tzte Lesezeit":"1\u00a0Minute"},"schema":{"@context":"https:\/\/schema.org","@graph":[{"@type":"WebPage","@id":"https:\/\/vepa-gmbh.info\/?page_id=31","url":"https:\/\/vepa-gmbh.info\/?page_id=31","name":"Impressum -","isPartOf":{"@id":"https:\/\/vepa-gmbh.info\/#website"},"datePublished":"2021-04-13T13:08:06+00:00","dateModified":"2026-01-15T14:41:48+00:00","breadcrumb":{"@id":"https:\/\/vepa-gmbh.info\/?page_id=31#breadcrumb"},"inLanguage":"de","potentialAction":[{"@type":"ReadAction","target":["https:\/\/vepa-gmbh.info\/?page_id=31"]}]},{"@type":"BreadcrumbList","@id":"https:\/\/vepa-gmbh.info\/?page_id=31#breadcrumb","itemListElement":[{"@type":"ListItem","position":1,"name":"Startseite","item":"https:\/\/vepa-gmbh.info\/"},{"@type":"ListItem","position":2,"name":"Impressum"}]},{"@type":"WebSite","@id":"https:\/\/vepa-gmbh.info\/#website","url":"https:\/\/vepa-gmbh.info\/","name":"","description":"","potentialAction":[{"@type":"SearchAction","target":{"@type":"EntryPoint","urlTemplate":"https:\/\/vepa-gmbh.info\/?s={search_term_string}"},"query-input":{"@type":"PropertyValueSpecification","valueRequired":true,"valueName":"search_term_string"}}],"inLanguage":"de"}]}},"_links":{"self":[{"href":"https:\/\/vepa-gmbh.info\/index.php?rest_route=\/wp\/v2\/pages\/31","targetHints":{"allow":["GET"]}}],"collection":[{"href":"https:\/\/vepa-gmbh.info\/index.php?rest_route=\/wp\/v2\/pages"}],"about":[{"href":"https:\/\/vepa-gmbh.info\/index.php?rest_route=\/wp\/v2\/types\/page"}],"author":[{"embeddable":true,"href":"https:\/\/vepa-gmbh.info\/index.php?rest_route=\/wp\/v2\/users\/2"}],"replies":[{"embeddable":true,"href":"https:\/\/vepa-gmbh.info\/index.php?rest_route=%2Fwp%2Fv2%2Fcomments&post=31"}],"version-history":[{"count":3,"href":"https:\/\/vepa-gmbh.info\/index.php?rest_route=\/wp\/v2\/pages\/31\/revisions"}],"predecessor-version":[{"id":2815,"href":"https:\/\/vepa-gmbh.info\/index.php?rest_route=\/wp\/v2\/pages\/31\/revisions\/2815"}],"wp:attachment":[{"href":"https:\/\/vepa-gmbh.info\/index.php?rest_route=%2Fwp%2Fv2%2Fmedia&parent=31"}],"curies":[{"name":"wp","href":"https:\/\/api.w.org\/{rel}","templated":true}]}}